{"id":455,"date":"2017-07-25T14:17:57","date_gmt":"2017-07-25T12:17:57","guid":{"rendered":"http:\/\/vologis.com\/kontakt\/"},"modified":"2018-09-18T22:15:29","modified_gmt":"2018-09-18T20:15:29","slug":"contact","status":"publish","type":"page","link":"https:\/\/vologis.com\/en\/contact\/","title":{"rendered":"Contact"},"content":{"rendered":"<p>[vc_section css=&#8221;.vc_custom_1501238029628{margin-top: 80px !important;margin-right: 0px !important;margin-left: 0px !important;padding-right: 87px !important;padding-left: 87px !important;}&#8221;][vc_row][vc_column width=&#8221;1\/2&#8243;][vc_column_text]<\/p>\n<h3><span class=\"srednie-napisy\" style=\"color: #23225d;\">Contact details<\/span><\/h3>\n<p>[\/vc_column_text][vc_row_inner][vc_column_inner width=&#8221;1\/4&#8243;][vc_column_text]<span style=\"color: #454545;\">Central office:<\/span>[\/vc_column_text][\/vc_column_inner][vc_column_inner width=&#8221;3\/4&#8243;][vc_column_text]Bema 11<br \/>\n63-200 Jarocin[\/vc_column_text][\/vc_column_inner][\/vc_row_inner][vc_row_inner][vc_column_inner width=&#8221;1\/4&#8243;][vc_column_text]<span style=\"color: #454545;\">Address:<\/span>[\/vc_column_text][\/vc_column_inner][vc_column_inner width=&#8221;3\/4&#8243;][vc_column_text]os.Konstytucji 3 Maja 34\/20,<br \/>\n63-200 Jarocin[\/vc_column_text][\/vc_column_inner][\/vc_row_inner][vc_row_inner][vc_column_inner width=&#8221;1\/4&#8243;][vc_column_text]<span style=\"color: #454545;\">Email:<\/span>[\/vc_column_text][\/vc_column_inner][vc_column_inner width=&#8221;3\/4&#8243;][vc_column_text]<span style=\"color: #111111;\"><a href=\"mailto:biuro@vologis.com\">office@vologis.com<\/a><\/span>[\/vc_column_text][\/vc_column_inner][\/vc_row_inner][vc_row_inner][vc_column_inner width=&#8221;1\/4&#8243;][vc_column_text]<span style=\"color: #454545;\">Phone:<\/span>[\/vc_column_text][\/vc_column_inner][vc_column_inner width=&#8221;3\/4&#8243;][vc_column_text]<span style=\"color: #111111;\"><a href=\"tel:+48605077252\">(+48) 605-077-252<\/a><\/span>[\/vc_column_text][\/vc_column_inner][\/vc_row_inner][\/vc_column][vc_column width=&#8221;1\/2&#8243;][vc_column_text]<\/p>\n<h3><span class=\"srednie-napisy\" style=\"color: #23225d;\">Contact form<\/span><\/h3>\n<p>[\/vc_column_text]\n<div class=\"wpcf7 no-js\" id=\"wpcf7-f486-o1\" lang=\"pl-PL\" dir=\"ltr\" data-wpcf7-id=\"486\">\n<div class=\"screen-reader-response\"><p role=\"status\" aria-live=\"polite\" aria-atomic=\"true\"><\/p> <ul><\/ul><\/div>\n<form action=\"\/en\/wp-json\/wp\/v2\/pages\/455#wpcf7-f486-o1\" method=\"post\" class=\"wpcf7-form init\" aria-label=\"Formularz kontaktowy\" novalidate=\"novalidate\" data-status=\"init\">\n<fieldset class=\"hidden-fields-container\"><input type=\"hidden\" name=\"_wpcf7\" value=\"486\" \/><input type=\"hidden\" name=\"_wpcf7_version\" value=\"6.1.6\" \/><input type=\"hidden\" name=\"_wpcf7_locale\" value=\"pl_PL\" \/><input type=\"hidden\" name=\"_wpcf7_unit_tag\" value=\"wpcf7-f486-o1\" \/><input type=\"hidden\" name=\"_wpcf7_container_post\" value=\"0\" \/><input type=\"hidden\" name=\"_wpcf7_posted_data_hash\" value=\"\" \/>\n<\/fieldset>\n<div class=\"form-container\">\n\t<div class=\"form-group name\">\n\t\t<p><span class=\"wpcf7-form-control-wrap\" data-name=\"your-name\"><input size=\"40\" maxlength=\"400\" class=\"wpcf7-form-control wpcf7-text wpcf7-validates-as-required\" aria-required=\"true\" aria-invalid=\"false\" placeholder=\"Name nad surname\" value=\"\" type=\"text\" name=\"your-name\" \/><\/span>\n\t\t<\/p>\n\t<\/div>\n\t<div class=\"form-group mail\">\n\t\t<p><span class=\"wpcf7-form-control-wrap\" data-name=\"your-email\"><input size=\"40\" maxlength=\"400\" class=\"wpcf7-form-control wpcf7-email wpcf7-validates-as-required wpcf7-text wpcf7-validates-as-email\" aria-required=\"true\" aria-invalid=\"false\" placeholder=\"E-mail address\" value=\"\" type=\"email\" name=\"your-email\" \/><\/span>\n\t\t<\/p>\n\t<\/div>\n\t<div class=\"form-group phone\">\n\t\t<p><span class=\"wpcf7-form-control-wrap\" data-name=\"tel-713\"><input size=\"40\" maxlength=\"400\" class=\"wpcf7-form-control wpcf7-tel wpcf7-text wpcf7-validates-as-tel\" aria-invalid=\"false\" placeholder=\"Phone number\" value=\"\" type=\"tel\" name=\"tel-713\" \/><\/span>\n\t\t<\/p>\n\t<\/div>\n\t<div class=\"form-group message\">\n\t\t<p><span class=\"wpcf7-form-control-wrap\" data-name=\"your-message\"><textarea cols=\"10\" rows=\"1\" maxlength=\"2000\" class=\"wpcf7-form-control wpcf7-textarea wpcf7-validates-as-required\" aria-required=\"true\" aria-invalid=\"false\" placeholder=\"Message\" name=\"your-message\"><\/textarea><\/span>\n\t\t<\/p>\n\t\t<p  class=\"form-field\"  style=\"font-size:  12px;  line-height:  1.3;\"><label><span class=\"wpcf7-form-control-wrap\" data-name=\"checkbox-426\"><span class=\"wpcf7-form-control wpcf7-checkbox wpcf7-validates-as-required\"><span class=\"wpcf7-list-item first last\"><input type=\"checkbox\" name=\"checkbox-426[]\" value=\"\" \/><span class=\"wpcf7-list-item-label\"><\/span><\/span><\/span><\/span>Wyra\u017cam zgod\u0119 na przetwarzanie moich danych osobowych w zwi\u0105zku z wys\u0142aniem zapytania przez formularz kontaktowy. Podanie danych jest dobrowolne ale niezb\u0119dne do przetworzenia i odpowiedzi na zapytanie. Dane b\u0119d\u0105 przechowywane przez czas potrzebny na przetworzenie i odpowied\u017a na zapytanie. Dane b\u0119d\u0105 przetwarzane zgodnie z <a  href=\"http:\/\/vologis.com\/polityka-prywatnosci-i-cookies\/\">polityk\u0105 prywatno\u015bci.<\/a><\/label>\n\t\t<\/p>\n\t<\/div>\n\t<div class=\"form-group submit\">\n\t\t<p><input class=\"wpcf7-form-control wpcf7-submit has-spinner\" type=\"submit\" value=\"Send\" \/>\n\t\t<\/p>\n\t<\/div>\n<\/div><div class=\"wpcf7-response-output\" aria-hidden=\"true\"><\/div>\n<\/form>\n<\/div>\n[\/vc_column][\/vc_row][\/vc_section][vc_row css=&#8221;.vc_custom_1501228141318{border-top-width: 0px !important;border-right-width: 0px !important;border-bottom-width: 0px !important;border-left-width: 0px !important;}&#8221;][vc_column css=&#8221;.vc_custom_1501228135481{border-top-width: 0px !important;border-right-width: 0px !important;border-bottom-width: 0px !important;border-left-width: 0px !important;}&#8221;][vc_gmaps link=&#8221;#E-8_JTNDaWZyYW1lJTIwc3JjJTNEJTIyaHR0cHMlM0ElMkYlMkZ3d3cuZ29vZ2xlLmNvbSUyRm1hcHMlMkZlbWJlZCUzRnBiJTNEJTIxMW0xOCUyMTFtMTIlMjExbTMlMjExZDI0NTguMjkxMDM4MDU5NDMyJTIxMmQxNy41MDM1MzA3MTU3ODY4NzYlMjEzZDUxLjk2NTExODY3OTcxMjkzJTIxMm0zJTIxMWYwJTIxMmYwJTIxM2YwJTIxM20yJTIxMWkxMDI0JTIxMmk3NjglMjE0ZjEzLjElMjEzbTMlMjExbTIlMjExczB4NDcwNTIzYmRiOWMwYmU5MyUyNTNBMHg4YjUzNTM2N2ViMDEzMjVjJTIxMnNCZW1hJTJCMTElMjUyQyUyQjYzLTIwMCUyQkphcm9jaW4lMjE1ZTAlMjEzbTIlMjExc3BsJTIxMnNwbCUyMTR2MTUzNzMwMTcwMTA4NCUyMiUyMHdpZHRoJTNEJTIyNjAwJTIyJTIwaGVpZ2h0JTNEJTIyNDUwJTIyJTIwZnJhbWVib3JkZXIlM0QlMjIwJTIyJTIwc3R5bGUlM0QlMjJib3JkZXIlM0EwJTIyJTIwYWxsb3dmdWxsc2NyZWVuJTNFJTNDJTJGaWZyYW1lJTNF&#8221; css=&#8221;.vc_custom_1537301723586{border-top-width: 0px !important;border-right-width: 0px !important;border-bottom-width: 0px !important;border-left-width: 0px !important;}&#8221;][\/vc_column][\/vc_row]<\/p>\n","protected":false},"excerpt":{"rendered":"<p>[vc_section css=&#8221;.vc_custom_1501238029628{margin-top: 80px !important;margin-right: 0px !important;margin-left: 0px !important;padding-right: 87px !important;padding-left: 87px !important;}&#8221;][vc_row][vc_column width=&#8221;1\/2&#8243;][vc_column_text] Contact details [\/vc_column_text][vc_row_inner][vc_column_inner width=&#8221;1\/4&#8243;][vc_column_text]Central office:[\/vc_column_text][\/vc_column_inner][vc_column_inner width=&#8221;3\/4&#8243;][vc_column_text]Bema 11 63-200 Jarocin[\/vc_column_text][\/vc_column_inner][\/vc_row_inner][vc_row_inner][vc_column_inner width=&#8221;1\/4&#8243;][vc_column_text]Address:[\/vc_column_text][\/vc_column_inner][vc_column_inner width=&#8221;3\/4&#8243;][vc_column_text]os.Konstytucji 3 Maja 34\/20, 63-200 Jarocin[\/vc_column_text][\/vc_column_inner][\/vc_row_inner][vc_row_inner][vc_column_inner width=&#8221;1\/4&#8243;][vc_column_text]Email:[\/vc_column_text][\/vc_column_inner][vc_column_inner width=&#8221;3\/4&#8243;][vc_column_text]office@vologis.com[\/vc_column_text][\/vc_column_inner][\/vc_row_inner][vc_row_inner][vc_column_inner width=&#8221;1\/4&#8243;][vc_column_text]Phone:[\/vc_column_text][\/vc_column_inner][vc_column_inner width=&#8221;3\/4&#8243;][vc_column_text](+48) 605-077-252[\/vc_column_text][\/vc_column_inner][\/vc_row_inner][\/vc_column][vc_column width=&#8221;1\/2&#8243;][vc_column_text] Contact form [\/vc_column_text][\/vc_column][\/vc_row][\/vc_section][vc_row css=&#8221;.vc_custom_1501228141318{border-top-width: 0px !important;border-right-width: 0px !important;border-bottom-width: 0px !important;border-left-width: 0px !important;}&#8221;][vc_column css=&#8221;.vc_custom_1501228135481{border-top-width: 0px !important;border-right-width: 0px !important;border-bottom-width: 0px !important;border-left-width: 0px [&hellip;]<\/p>\n","protected":false},"author":1,"featured_media":0,"parent":0,"menu_order":0,"comment_status":"closed","ping_status":"closed","template":"page-templates\/page-contact.php","meta":{"_acf_changed":false,"inline_featured_image":false,"footnotes":""},"class_list":["post-455","page","type-page","status-publish","hentry"],"acf":[],"yoast_head":"<!-- This site is optimized with the Yoast SEO plugin v27.6 - https:\/\/yoast.com\/product\/yoast-seo-wordpress\/ -->\n<title>Contact - Vologis<\/title>\n<meta name=\"robots\" content=\"index, follow, max-snippet:-1, max-image-preview:large, max-video-preview:-1\" \/>\n<link rel=\"canonical\" href=\"https:\/\/vologis.com\/en\/contact\/\" \/>\n<meta property=\"og:locale\" content=\"en_US\" \/>\n<meta property=\"og:type\" content=\"article\" \/>\n<meta property=\"og:title\" content=\"Contact - Vologis\" \/>\n<meta property=\"og:description\" content=\"[vc_section css=&#8221;.vc_custom_1501238029628{margin-top: 80px !important;margin-right: 0px !important;margin-left: 0px !important;padding-right: 87px !important;padding-left: 87px !important;}&#8221;][vc_row][vc_column width=&#8221;1\/2&#8243;][vc_column_text] Contact details [\/vc_column_text][vc_row_inner][vc_column_inner width=&#8221;1\/4&#8243;][vc_column_text]Central office:[\/vc_column_text][\/vc_column_inner][vc_column_inner width=&#8221;3\/4&#8243;][vc_column_text]Bema 11 63-200 Jarocin[\/vc_column_text][\/vc_column_inner][\/vc_row_inner][vc_row_inner][vc_column_inner width=&#8221;1\/4&#8243;][vc_column_text]Address:[\/vc_column_text][\/vc_column_inner][vc_column_inner width=&#8221;3\/4&#8243;][vc_column_text]os.Konstytucji 3 Maja 34\/20, 63-200 Jarocin[\/vc_column_text][\/vc_column_inner][\/vc_row_inner][vc_row_inner][vc_column_inner width=&#8221;1\/4&#8243;][vc_column_text]Email:[\/vc_column_text][\/vc_column_inner][vc_column_inner width=&#8221;3\/4&#8243;][vc_column_text]office@vologis.com[\/vc_column_text][\/vc_column_inner][\/vc_row_inner][vc_row_inner][vc_column_inner width=&#8221;1\/4&#8243;][vc_column_text]Phone:[\/vc_column_text][\/vc_column_inner][vc_column_inner width=&#8221;3\/4&#8243;][vc_column_text](+48) 605-077-252[\/vc_column_text][\/vc_column_inner][\/vc_row_inner][\/vc_column][vc_column width=&#8221;1\/2&#8243;][vc_column_text] Contact form [\/vc_column_text][\/vc_column][\/vc_row][\/vc_section][vc_row css=&#8221;.vc_custom_1501228141318{border-top-width: 0px !important;border-right-width: 0px !important;border-bottom-width: 0px !important;border-left-width: 0px !important;}&#8221;][vc_column css=&#8221;.vc_custom_1501228135481{border-top-width: 0px !important;border-right-width: 0px !important;border-bottom-width: 0px !important;border-left-width: 0px [&hellip;]\" \/>\n<meta property=\"og:url\" content=\"https:\/\/vologis.com\/en\/contact\/\" \/>\n<meta property=\"og:site_name\" content=\"Vologis\" \/>\n<meta property=\"article:modified_time\" content=\"2018-09-18T20:15:29+00:00\" \/>\n<meta name=\"twitter:label1\" content=\"Est. reading time\" \/>\n\t<meta name=\"twitter:data1\" content=\"2 minutes\" \/>\n<script type=\"application\/ld+json\" class=\"yoast-schema-graph\">{\"@context\":\"https:\\\/\\\/schema.org\",\"@graph\":[{\"@type\":\"WebPage\",\"@id\":\"https:\\\/\\\/vologis.com\\\/en\\\/contact\\\/\",\"url\":\"https:\\\/\\\/vologis.com\\\/en\\\/contact\\\/\",\"name\":\"Contact - Vologis\",\"isPartOf\":{\"@id\":\"https:\\\/\\\/vologis.com\\\/#website\"},\"datePublished\":\"2017-07-25T12:17:57+00:00\",\"dateModified\":\"2018-09-18T20:15:29+00:00\",\"breadcrumb\":{\"@id\":\"https:\\\/\\\/vologis.com\\\/en\\\/contact\\\/#breadcrumb\"},\"inLanguage\":\"en-US\",\"potentialAction\":[{\"@type\":\"ReadAction\",\"target\":[\"https:\\\/\\\/vologis.com\\\/en\\\/contact\\\/\"]}]},{\"@type\":\"BreadcrumbList\",\"@id\":\"https:\\\/\\\/vologis.com\\\/en\\\/contact\\\/#breadcrumb\",\"itemListElement\":[{\"@type\":\"ListItem\",\"position\":1,\"name\":\"Strona g\u0142\u00f3wna\",\"item\":\"https:\\\/\\\/vologis.com\\\/en\\\/strona-glowna\\\/\"},{\"@type\":\"ListItem\",\"position\":2,\"name\":\"Contact\"}]},{\"@type\":\"WebSite\",\"@id\":\"https:\\\/\\\/vologis.com\\\/#website\",\"url\":\"https:\\\/\\\/vologis.com\\\/\",\"name\":\"Vologis\",\"description\":\"Niezawodna spedycja i b\u0142yskawiczny transport na terenie Polski i Europy\",\"potentialAction\":[{\"@type\":\"SearchAction\",\"target\":{\"@type\":\"EntryPoint\",\"urlTemplate\":\"https:\\\/\\\/vologis.com\\\/?s={search_term_string}\"},\"query-input\":{\"@type\":\"PropertyValueSpecification\",\"valueRequired\":true,\"valueName\":\"search_term_string\"}}],\"inLanguage\":\"en-US\"}]}<\/script>\n<!-- \/ Yoast SEO plugin. -->","yoast_head_json":{"title":"Contact - Vologis","robots":{"index":"index","follow":"follow","max-snippet":"max-snippet:-1","max-image-preview":"max-image-preview:large","max-video-preview":"max-video-preview:-1"},"canonical":"https:\/\/vologis.com\/en\/contact\/","og_locale":"en_US","og_type":"article","og_title":"Contact - Vologis","og_description":"[vc_section css=&#8221;.vc_custom_1501238029628{margin-top: 80px !important;margin-right: 0px !important;margin-left: 0px !important;padding-right: 87px !important;padding-left: 87px !important;}&#8221;][vc_row][vc_column width=&#8221;1\/2&#8243;][vc_column_text] Contact details [\/vc_column_text][vc_row_inner][vc_column_inner width=&#8221;1\/4&#8243;][vc_column_text]Central office:[\/vc_column_text][\/vc_column_inner][vc_column_inner width=&#8221;3\/4&#8243;][vc_column_text]Bema 11 63-200 Jarocin[\/vc_column_text][\/vc_column_inner][\/vc_row_inner][vc_row_inner][vc_column_inner width=&#8221;1\/4&#8243;][vc_column_text]Address:[\/vc_column_text][\/vc_column_inner][vc_column_inner width=&#8221;3\/4&#8243;][vc_column_text]os.Konstytucji 3 Maja 34\/20, 63-200 Jarocin[\/vc_column_text][\/vc_column_inner][\/vc_row_inner][vc_row_inner][vc_column_inner width=&#8221;1\/4&#8243;][vc_column_text]Email:[\/vc_column_text][\/vc_column_inner][vc_column_inner width=&#8221;3\/4&#8243;][vc_column_text]office@vologis.com[\/vc_column_text][\/vc_column_inner][\/vc_row_inner][vc_row_inner][vc_column_inner width=&#8221;1\/4&#8243;][vc_column_text]Phone:[\/vc_column_text][\/vc_column_inner][vc_column_inner width=&#8221;3\/4&#8243;][vc_column_text](+48) 605-077-252[\/vc_column_text][\/vc_column_inner][\/vc_row_inner][\/vc_column][vc_column width=&#8221;1\/2&#8243;][vc_column_text] Contact form [\/vc_column_text][\/vc_column][\/vc_row][\/vc_section][vc_row css=&#8221;.vc_custom_1501228141318{border-top-width: 0px !important;border-right-width: 0px !important;border-bottom-width: 0px !important;border-left-width: 0px !important;}&#8221;][vc_column css=&#8221;.vc_custom_1501228135481{border-top-width: 0px !important;border-right-width: 0px !important;border-bottom-width: 0px !important;border-left-width: 0px [&hellip;]","og_url":"https:\/\/vologis.com\/en\/contact\/","og_site_name":"Vologis","article_modified_time":"2018-09-18T20:15:29+00:00","twitter_misc":{"Est. reading time":"2 minutes"},"schema":{"@context":"https:\/\/schema.org","@graph":[{"@type":"WebPage","@id":"https:\/\/vologis.com\/en\/contact\/","url":"https:\/\/vologis.com\/en\/contact\/","name":"Contact - Vologis","isPartOf":{"@id":"https:\/\/vologis.com\/#website"},"datePublished":"2017-07-25T12:17:57+00:00","dateModified":"2018-09-18T20:15:29+00:00","breadcrumb":{"@id":"https:\/\/vologis.com\/en\/contact\/#breadcrumb"},"inLanguage":"en-US","potentialAction":[{"@type":"ReadAction","target":["https:\/\/vologis.com\/en\/contact\/"]}]},{"@type":"BreadcrumbList","@id":"https:\/\/vologis.com\/en\/contact\/#breadcrumb","itemListElement":[{"@type":"ListItem","position":1,"name":"Strona g\u0142\u00f3wna","item":"https:\/\/vologis.com\/en\/strona-glowna\/"},{"@type":"ListItem","position":2,"name":"Contact"}]},{"@type":"WebSite","@id":"https:\/\/vologis.com\/#website","url":"https:\/\/vologis.com\/","name":"Vologis","description":"Niezawodna spedycja i b\u0142yskawiczny transport na terenie Polski i Europy","potentialAction":[{"@type":"SearchAction","target":{"@type":"EntryPoint","urlTemplate":"https:\/\/vologis.com\/?s={search_term_string}"},"query-input":{"@type":"PropertyValueSpecification","valueRequired":true,"valueName":"search_term_string"}}],"inLanguage":"en-US"}]}},"_links":{"self":[{"href":"https:\/\/vologis.com\/en\/wp-json\/wp\/v2\/pages\/455","targetHints":{"allow":["GET"]}}],"collection":[{"href":"https:\/\/vologis.com\/en\/wp-json\/wp\/v2\/pages"}],"about":[{"href":"https:\/\/vologis.com\/en\/wp-json\/wp\/v2\/types\/page"}],"author":[{"embeddable":true,"href":"https:\/\/vologis.com\/en\/wp-json\/wp\/v2\/users\/1"}],"replies":[{"embeddable":true,"href":"https:\/\/vologis.com\/en\/wp-json\/wp\/v2\/comments?post=455"}],"version-history":[{"count":9,"href":"https:\/\/vologis.com\/en\/wp-json\/wp\/v2\/pages\/455\/revisions"}],"predecessor-version":[{"id":831,"href":"https:\/\/vologis.com\/en\/wp-json\/wp\/v2\/pages\/455\/revisions\/831"}],"wp:attachment":[{"href":"https:\/\/vologis.com\/en\/wp-json\/wp\/v2\/media?parent=455"}],"curies":[{"name":"wp","href":"https:\/\/api.w.org\/{rel}","templated":true}]}}